{"id":23,"date":"2025-02-01T15:20:46","date_gmt":"2025-02-01T15:20:46","guid":{"rendered":"https:\/\/kube-bonn.de\/?page_id=23"},"modified":"2026-02-02T16:22:13","modified_gmt":"2026-02-02T16:22:13","slug":"burgweihnacht","status":"publish","type":"page","link":"https:\/\/kube-bonn.de\/index.php\/burgweihnacht\/","title":{"rendered":"BurgWeihnacht"},"content":{"rendered":"\n<div class=\"wp-block-cover alignfull has-custom-content-position is-position-bottom-center\" style=\"margin-top:0;margin-bottom:0;padding-top:var(--wp--preset--spacing--50);padding-right:var(--wp--preset--spacing--50);padding-bottom:var(--wp--preset--spacing--50);padding-left:var(--wp--preset--spacing--50);min-height:422px;aspect-ratio:unset;\"><span aria-hidden=\"true\" class=\"wp-block-cover__background has-background-dim-10 has-background-dim\"><\/span><img loading=\"lazy\" decoding=\"async\" width=\"1366\" height=\"768\" class=\"wp-block-cover__image-background wp-image-129\" alt=\"\" src=\"https:\/\/kube-bonn.de\/wp-content\/uploads\/2025\/02\/BurgWeihnacht-Banner.png\" data-object-fit=\"cover\"\/><div class=\"wp-block-cover__inner-container has-global-padding is-layout-constrained wp-container-core-cover-is-layout-d89aad35 wp-block-cover-is-layout-constrained\">\n<div class=\"wp-block-group alignwide has-global-padding is-content-justification-left is-layout-constrained wp-container-core-group-is-layout-12dd3699 wp-block-group-is-layout-constrained\">\n<h1 class=\"wp-block-heading\">Weihnachtszauber in der Burg Endenich<\/h1>\n<\/div>\n<\/div><\/div>\n\n\n\n<p><\/p>\n\n\n\n<div class=\"wp-block-columns alignwide are-vertically-aligned-center is-layout-flex wp-container-core-columns-is-layout-643ced6b wp-block-columns-is-layout-flex\">\n<div class=\"wp-block-column is-vertically-aligned-center is-layout-flow wp-block-column-is-layout-flow\">\n<figure class=\"wp-block-image aligncenter size-full has-custom-border\"><img loading=\"lazy\" decoding=\"async\" width=\"1080\" height=\"1080\" src=\"https:\/\/kube-bonn.de\/wp-content\/uploads\/2026\/01\/3.png\" alt=\"\" class=\"wp-image-322\" style=\"border-top-left-radius:150px;border-bottom-right-radius:150px;object-fit:cover\"\/><\/figure>\n<\/div>\n\n\n\n<div class=\"wp-block-column is-vertically-aligned-center is-layout-flow wp-block-column-is-layout-flow\">\n<div class=\"wp-block-group is-vertical is-content-justification-stretch is-layout-flex wp-container-core-group-is-layout-353c4f5a wp-block-group-is-layout-flex\">\n<h2 class=\"wp-block-heading has-text-align-center\"><\/h2>\n\n\n\n<p class=\"has-text-align-center\">Die Veranstaltung beginnt um 12 Uhr. <\/p>\n\n\n\n<p class=\"has-text-align-center\">Mit liebevoll dekorierten St\u00e4nden, festlicher Musik und winterlichen K\u00f6stlichkeiten verspr\u00fcht die Burg Endenich wieder ihren ganz besonderen Weihnachtszauber.<br><\/p>\n\n\n\n<p class=\"has-text-align-center\">Die Marktst\u00e4nde haben von 12 bis 18 Uhr ge\u00f6ffnet. Anschlie\u00dfend besteht noch die M\u00f6glichkeit, in guter Gesellschaft den ein oder anderen Gl\u00fchwein oder alkoholfreien Punsch zu trinken oder etwas zu essen. So lange bis sich die Tore der Burg schlie\u00dfen (meist gegen 21 Uhr).&nbsp;<\/p>\n<\/div>\n\n\n\n<p class=\"has-text-align-center\">Kommt vorbei und genie\u00dft die festliche Atmosph\u00e4re!<\/p>\n<\/div>\n<\/div>\n\n\n\n<div style=\"height:100px\" aria-hidden=\"true\" class=\"wp-block-spacer\"><\/div>\n\n\n\n<details class=\"wp-block-details is-layout-flow wp-block-details-is-layout-flow\"><summary>Aussteller 2025<\/summary>\n<p>Imkerei Klingel<\/p>\n\n\n\n<p>RiArtist, Aquarellkarten<\/p>\n\n\n\n<p>Maximilian Laue Dachdeckermeister&nbsp;<\/p>\n\n\n\n<p>Tatjana Reichmann, Korbflechterin<\/p>\n\n\n\n<p>Melanie Meyer, Vogelh\u00e4user<\/p>\n\n\n\n<p>F\u00f6rderverein Trini-Kids, Tombola<\/p>\n\n\n\n<p>Privatpersonen mit Handgemachtem<\/p>\n<\/details>\n\n\n\n<div style=\"height:100px\" aria-hidden=\"true\" class=\"wp-block-spacer\"><\/div>\n\n\n\n<hr class=\"wp-block-separator has-alpha-channel-opacity\"\/>\n\n\n\n<h2 class=\"wp-block-heading\">Impressionen aus dem letzten Jahr<\/h2>\n\n\n\n<div class=\"wp-block-group alignfull has-global-padding is-layout-constrained wp-block-group-is-layout-constrained\" style=\"margin-top:0;margin-bottom:0;padding-top:var(--wp--preset--spacing--50);padding-bottom:var(--wp--preset--spacing--50)\">\n<div class=\"wp-block-group alignwide is-layout-grid wp-container-core-group-is-layout-21f393a4 wp-block-group-is-layout-grid\">\n<figure class=\"wp-block-image size-full\"><img loading=\"lazy\" decoding=\"async\" width=\"4032\" height=\"3024\" src=\"https:\/\/kube-bonn.de\/wp-content\/uploads\/2025\/10\/BW2024.jpeg\" alt=\"\" class=\"wp-image-263\" style=\"aspect-ratio:1;object-fit:cover\"\/><\/figure>\n\n\n\n<figure class=\"wp-block-image size-full\"><img loading=\"lazy\" decoding=\"async\" width=\"4032\" height=\"3024\" src=\"https:\/\/kube-bonn.de\/wp-content\/uploads\/2025\/10\/image00004.jpeg\" alt=\"\" class=\"wp-image-267\" style=\"aspect-ratio:1;object-fit:cover\"\/><\/figure>\n\n\n\n<figure class=\"wp-block-image size-full\"><img loading=\"lazy\" decoding=\"async\" width=\"5712\" height=\"4284\" src=\"https:\/\/kube-bonn.de\/wp-content\/uploads\/2025\/10\/image00021.jpeg\" alt=\"\" class=\"wp-image-266\" style=\"aspect-ratio:1;object-fit:cover\"\/><\/figure>\n\n\n\n<figure class=\"wp-block-image size-full\"><img loading=\"lazy\" decoding=\"async\" width=\"5712\" height=\"4284\" src=\"https:\/\/kube-bonn.de\/wp-content\/uploads\/2025\/10\/image00012.jpeg\" alt=\"\" class=\"wp-image-268\" style=\"aspect-ratio:1;object-fit:cover\"\/><\/figure>\n\n\n\n<figure class=\"wp-block-image size-full\"><img loading=\"lazy\" decoding=\"async\" width=\"4032\" height=\"3024\" src=\"https:\/\/kube-bonn.de\/wp-content\/uploads\/2025\/10\/image00017.jpeg\" alt=\"\" class=\"wp-image-269\" style=\"aspect-ratio:1;object-fit:cover\"\/><\/figure>\n\n\n\n<figure class=\"wp-block-image size-full\"><img loading=\"lazy\" decoding=\"async\" width=\"5712\" height=\"4284\" src=\"https:\/\/kube-bonn.de\/wp-content\/uploads\/2025\/10\/image00018.jpeg\" alt=\"\" class=\"wp-image-270\" style=\"aspect-ratio:1;object-fit:cover\"\/><\/figure>\n<\/div>\n<\/div>\n\n\n\n<hr class=\"wp-block-separator has-alpha-channel-opacity\"\/>\n\n\n\n<p><\/p>\n","protected":false},"excerpt":{"rendered":"<p>Die Veranstaltung beginnt um 12 Uhr. Mit liebevoll dekorierten St\u00e4nden, festlicher Musik und winterlichen K\u00f6stlichkeiten verspr\u00fcht die Burg Endenich wieder ihren ganz besonderen Weihnachtszauber. Die Marktst\u00e4nde haben von 12 bis 18 Uhr ge\u00f6ffnet. Anschlie\u00dfend besteht noch die M\u00f6glichkeit, in guter Gesellschaft den ein oder anderen Gl\u00fchwein oder alkoholfreien Punsch zu trinken oder etwas zu essen. [&hellip;]<\/p>\n","protected":false},"author":1,"featured_media":0,"parent":0,"menu_order":0,"comment_status":"closed","ping_status":"closed","template":"","meta":{"footnotes":""},"class_list":["post-23","page","type-page","status-publish","hentry"],"_links":{"self":[{"href":"https:\/\/kube-bonn.de\/index.php\/wp-json\/wp\/v2\/pages\/23","targetHints":{"allow":["GET"]}}],"collection":[{"href":"https:\/\/kube-bonn.de\/index.php\/wp-json\/wp\/v2\/pages"}],"about":[{"href":"https:\/\/kube-bonn.de\/index.php\/wp-json\/wp\/v2\/types\/page"}],"author":[{"embeddable":true,"href":"https:\/\/kube-bonn.de\/index.php\/wp-json\/wp\/v2\/users\/1"}],"replies":[{"embeddable":true,"href":"https:\/\/kube-bonn.de\/index.php\/wp-json\/wp\/v2\/comments?post=23"}],"version-history":[{"count":24,"href":"https:\/\/kube-bonn.de\/index.php\/wp-json\/wp\/v2\/pages\/23\/revisions"}],"predecessor-version":[{"id":410,"href":"https:\/\/kube-bonn.de\/index.php\/wp-json\/wp\/v2\/pages\/23\/revisions\/410"}],"wp:attachment":[{"href":"https:\/\/kube-bonn.de\/index.php\/wp-json\/wp\/v2\/media?parent=23"}],"curies":[{"name":"wp","href":"https:\/\/api.w.org\/{rel}","templated":true}]}}