{"id":20,"date":"2025-02-01T15:20:36","date_gmt":"2025-02-01T15:20:36","guid":{"rendered":"https:\/\/kube-bonn.de\/?page_id=20"},"modified":"2026-02-19T19:27:52","modified_gmt":"2026-02-19T19:27:52","slug":"burgrock","status":"publish","type":"page","link":"https:\/\/kube-bonn.de\/index.php\/burgrock\/","title":{"rendered":"BurgRock"},"content":{"rendered":"\n<p><\/p>\n\n\n\n<div class=\"wp-block-cover alignfull has-custom-content-position is-position-bottom-center\" style=\"margin-top:0;margin-bottom:0;padding-top:var(--wp--preset--spacing--50);padding-right:var(--wp--preset--spacing--50);padding-bottom:var(--wp--preset--spacing--50);padding-left:var(--wp--preset--spacing--50);min-height:743px;aspect-ratio:unset;\"><img loading=\"lazy\" decoding=\"async\" width=\"1600\" height=\"1200\" class=\"wp-block-cover__image-background wp-image-100\" alt=\"\" src=\"https:\/\/kube-bonn.de\/wp-content\/uploads\/2025\/02\/WhatsApp-Image-2025-02-04-at-15.03.27.jpeg\" data-object-fit=\"cover\"\/><span aria-hidden=\"true\" class=\"wp-block-cover__background has-background-dim-10 has-background-dim\"><\/span><div class=\"wp-block-cover__inner-container has-global-padding is-layout-constrained wp-container-core-cover-is-layout-d89aad35 wp-block-cover-is-layout-constrained\">\n<div class=\"wp-block-group alignwide has-global-padding is-content-justification-left is-layout-constrained wp-container-core-group-is-layout-12dd3699 wp-block-group-is-layout-constrained\">\n<h2 class=\"wp-block-heading has-text-align-left has-xx-large-font-size\">6 Jahre BurgRock<\/h2>\n\n\n\n<p><\/p>\n<\/div>\n<\/div><\/div>\n\n\n\n<div class=\"wp-block-group alignfull is-style-section-5 has-global-padding is-layout-constrained wp-block-group-is-layout-constrained is-style-section-5--1\" style=\"margin-top:0;margin-bottom:0;padding-top:var(--wp--preset--spacing--50);padding-bottom:var(--wp--preset--spacing--50)\">\n<div class=\"wp-block-columns alignwide is-layout-flex wp-container-core-columns-is-layout-7ee84d44 wp-block-columns-is-layout-flex\">\n<div class=\"wp-block-column is-vertically-aligned-center is-layout-flow wp-block-column-is-layout-flow\" style=\"flex-basis:50%\">\n<h1 class=\"wp-block-heading has-text-align-center\">Am <strong>5. September 2026<\/strong><br>ist es wieder soweit!<\/h1>\n\n\n\n<p class=\"has-text-align-center\"><\/p>\n\n\n\n<h6 class=\"wp-block-heading has-medium-font-size\"><\/h6>\n\n\n\n<p class=\"has-medium-font-size\">Die Burg Endenich wird erneut zum Schauplatz von handgemachter Live-Musik !<\/p>\n\n\n\n<p class=\"has-medium-font-size\">Seit sechs Jahren bringen wir mit BurgRock Rockbands aus der Region auf die B\u00fchne und schaffen ein einzigartiges Festivalerlebnis \u2013 <strong>umsonst &amp; drau\u00dfen, mitten in Bonn-Endenich!<\/strong> Das wollen wir mit euch geb\u00fchrend feiern!<\/p>\n\n\n\n<p class=\"has-medium-font-size\"><\/p>\n\n\n\n<p><\/p>\n<\/div>\n\n\n\n<div class=\"wp-block-column is-vertically-aligned-center is-layout-flow wp-block-column-is-layout-flow\" style=\"flex-basis:50%\">\n<figure class=\"wp-block-image size-full\"><img loading=\"lazy\" decoding=\"async\" width=\"4928\" height=\"3264\" src=\"https:\/\/kube-bonn.de\/wp-content\/uploads\/2025\/02\/burgrock-5-4.jpg\" alt=\"\" class=\"wp-image-99\"\/><figcaption class=\"wp-element-caption\">Foto: Sarah W\u00fcller<\/figcaption><\/figure>\n<\/div>\n<\/div>\n<\/div>\n\n\n\n<div class=\"wp-block-group alignfull has-global-padding is-layout-constrained wp-block-group-is-layout-constrained\" style=\"margin-top:0;margin-bottom:0\"><\/div>\n\n\n\n<p><\/p>\n\n\n\n<div class=\"wp-block-group alignfull has-global-padding is-layout-constrained wp-block-group-is-layout-constrained\" style=\"margin-top:0;margin-bottom:0\">\n<p class=\"has-text-align-center\"><\/p>\n\n\n\n<div class=\"wp-block-group alignwide is-layout-grid wp-container-core-group-is-layout-5fdb10e5 wp-block-group-is-layout-grid\" style=\"padding-top:var(--wp--preset--spacing--50);padding-bottom:var(--wp--preset--spacing--50)\">\n<div class=\"wp-block-group wp-container-content-5fd69529 is-vertical is-content-justification-stretch is-nowrap is-layout-flex wp-container-core-group-is-layout-627337ab wp-block-group-is-layout-flex\">\n<div class=\"wp-block-group is-vertical is-content-justification-left is-layout-flex wp-container-core-group-is-layout-dd225191 wp-block-group-is-layout-flex\">\n<p><\/p>\n<\/div>\n\n\n\n<figure class=\"wp-block-image size-full\"><img loading=\"lazy\" decoding=\"async\" width=\"4928\" height=\"3264\" src=\"https:\/\/kube-bonn.de\/wp-content\/uploads\/2025\/02\/sweetelectric-3.jpg\" alt=\"\" class=\"wp-image-96\"\/><\/figure>\n\n\n\n<p><\/p>\n<\/div>\n\n\n\n<div class=\"wp-block-columns is-layout-flex wp-container-core-columns-is-layout-28f84493 wp-block-columns-is-layout-flex\">\n<div class=\"wp-block-column is-layout-flow wp-block-column-is-layout-flow\">\n<h1 class=\"wp-block-heading\">Das Rockfestival in <br>Bonn-Endenich<\/h1>\n\n\n\n<p>BurgRock ist ein eint\u00e4giges Open-Air-Festival, das Rockbands aus der Region eine B\u00fchne bietet. Umsonst &amp; drau\u00dfen bringt das Festival Jahr f\u00fcr Jahr energiegeladene Live-Musik auf die historische Burg Endenich.<\/p>\n\n\n\n<p>Hinter BurgRock steht der gemeinn\u00fctzige Kultur- und B\u00fcrgerverein Endenich e.V. (KuBE), der das Festival \u2013 mit viel Herzblut und Leidenschaft f\u00fcr handgemachte Musik &#8211; rein ehrenamtlich organisiert.<\/p>\n\n\n\n<p> <strong>Was euch erwartet:<\/strong><\/p>\n\n\n\n<ul class=\"wp-block-list\">\n<li>Rockbands aus Bonn und Umgebung<\/li>\n\n\n\n<li>famili\u00e4res Festivalfeeling in einzigartiger Kulisse<\/li>\n\n\n\n<li>Freier Eintritt <\/li>\n<\/ul>\n\n\n\n<p>Kommt vorbei und erlebt BurgRock \u2013 das Festival, das Lautst\u00e4rke, Leidenschaft und Gemeinschaft vereint!<\/p>\n<\/div>\n<\/div>\n\n\n\n<hr class=\"wp-block-separator has-alpha-channel-opacity wp-container-content-9c51b35e\"\/>\n\n\n\n<div class=\"wp-block-columns is-layout-flex wp-container-core-columns-is-layout-28f84493 wp-block-columns-is-layout-flex\">\n<div class=\"wp-block-column is-layout-flow wp-block-column-is-layout-flow\">\n<p><\/p>\n\n\n\n<p><\/p>\n\n\n\n<p><\/p>\n\n\n\n<p><\/p>\n\n\n\n<p><\/p>\n\n\n\n<p><\/p>\n\n\n\n<p><\/p>\n\n\n\n<p><\/p>\n\n\n\n<h2 class=\"wp-block-heading has-text-align-center has-xx-large-font-size\" style=\"margin-right:0;margin-left:0;padding-right:0;padding-left:0\">Neugierig wer bei uns die B\u00fchne rockt?<\/h2>\n\n\n\n<div class=\"wp-block-buttons is-content-justification-center is-layout-flex wp-container-core-buttons-is-layout-a89b3969 wp-block-buttons-is-layout-flex\">\n<div class=\"wp-block-button is-style-fill\"><a class=\"wp-block-button__link wp-element-button\" href=\"https:\/\/kube-bonn.de\/index.php\/bands-burgrock\/\">Hier stellen wir euch alle Bands von 2025 vor!<\/a><\/div>\n<\/div>\n<\/div>\n<\/div>\n\n\n\n<figure class=\"wp-block-image size-full wp-container-content-5fd69529\"><img loading=\"lazy\" decoding=\"async\" width=\"682\" height=\"963\" src=\"https:\/\/kube-bonn.de\/wp-content\/uploads\/2025\/08\/Screenshot-2025-08-13-102155.png\" alt=\"\" class=\"wp-image-255\"\/><\/figure>\n<\/div>\n<\/div>\n\n\n\n<div class=\"wp-block-group alignfull has-global-padding is-layout-constrained wp-container-core-group-is-layout-0d85de7f wp-block-group-is-layout-constrained\" style=\"margin-top:0;margin-bottom:0;padding-top:var(--wp--preset--spacing--60);padding-bottom:var(--wp--preset--spacing--60)\">\n<h2 class=\"wp-block-heading alignwide has-xx-large-font-size\">Das sagt ihr<\/h2>\n\n\n\n<div class=\"wp-block-columns alignwide is-layout-flex wp-container-core-columns-is-layout-714d85e9 wp-block-columns-is-layout-flex\">\n<div class=\"wp-block-column has-border-color is-layout-flow wp-block-column-is-layout-flow\" style=\"border-color:var(--wp--preset--color--accent-6);border-width:1px;border-radius:10px;padding-top:var(--wp--preset--spacing--40);padding-right:var(--wp--preset--spacing--40);padding-bottom:var(--wp--preset--spacing--40);padding-left:var(--wp--preset--spacing--40)\">\n<blockquote class=\"wp-block-quote is-style-plain has-x-large-font-size is-layout-flow wp-container-core-quote-is-layout-119bc444 wp-block-quote-is-layout-flow is-style-plain--2\" style=\"font-style:normal;font-weight:400\">\n<div class=\"wp-block-group has-global-padding is-content-justification-left is-layout-constrained wp-container-core-group-is-layout-085bd3d9 wp-block-group-is-layout-constrained\" style=\"margin-top:0;margin-bottom:0;padding-top:0;padding-right:0;padding-bottom:0;padding-left:0\">\n<p style=\"line-height:1.1\">&#8220;Es hat uns wirklich gut bei euch gefallen. Ihr Endenicher habt das Herz am rechten Fleck!&#8221;<\/p>\n<\/div>\n<cite>Band Soledown <br><sub>\u00fcber Facebook, 2024<\/sub><\/cite><\/blockquote>\n<\/div>\n\n\n\n<div class=\"wp-block-column has-border-color is-layout-flow wp-block-column-is-layout-flow\" style=\"border-color:var(--wp--preset--color--accent-6);border-width:1px;border-radius:10px;padding-top:var(--wp--preset--spacing--40);padding-right:var(--wp--preset--spacing--40);padding-bottom:var(--wp--preset--spacing--40);padding-left:var(--wp--preset--spacing--40)\">\n<blockquote class=\"wp-block-quote is-style-plain has-x-large-font-size is-layout-flow wp-container-core-quote-is-layout-119bc444 wp-block-quote-is-layout-flow is-style-plain--3\" style=\"font-style:normal;font-weight:400\">\n<div class=\"wp-block-group has-global-padding is-content-justification-left is-layout-constrained wp-container-core-group-is-layout-085bd3d9 wp-block-group-is-layout-constrained\" style=\"margin-top:0;margin-bottom:0;padding-top:0;padding-right:0;padding-bottom:0;padding-left:0\">\n<p style=\"line-height:1.1\">\u201cEndenich kann was!<\/p>\n\n\n\n<p style=\"line-height:1.1\">Sehr stabil war es.\u201d<\/p>\n<\/div>\n<cite>Altstadt Nachtb\u00fcrgermeister<br><sub>\u00fcber Facebook, 2024<\/sub><\/cite><\/blockquote>\n<\/div>\n\n\n\n<div class=\"wp-block-column has-border-color is-layout-flow wp-block-column-is-layout-flow\" style=\"border-color:var(--wp--preset--color--accent-6);border-width:1px;border-radius:10px;padding-top:var(--wp--preset--spacing--40);padding-right:var(--wp--preset--spacing--40);padding-bottom:var(--wp--preset--spacing--40);padding-left:var(--wp--preset--spacing--40)\">\n<blockquote class=\"wp-block-quote is-style-plain has-x-large-font-size is-layout-flow wp-container-core-quote-is-layout-119bc444 wp-block-quote-is-layout-flow is-style-plain--4\" style=\"font-style:normal;font-weight:400\">\n<div class=\"wp-block-group has-global-padding is-content-justification-left is-layout-constrained wp-container-core-group-is-layout-085bd3d9 wp-block-group-is-layout-constrained\" style=\"margin-top:0;margin-bottom:0;padding-top:0;padding-right:0;padding-bottom:0;padding-left:0\">\n<p style=\"line-height:1.1\">\u201cEin Highlight f\u00fcr Bonn und Endenich.\u201d<\/p>\n<\/div>\n<cite>@bromtonizeyourday<br><sub>\u00fcber Instagram, 2024<\/sub><\/cite><\/blockquote>\n<\/div>\n<\/div>\n\n\n\n<div class=\"wp-block-columns alignwide is-layout-flex wp-container-core-columns-is-layout-714d85e9 wp-block-columns-is-layout-flex\">\n<div class=\"wp-block-column has-border-color is-layout-flow wp-block-column-is-layout-flow\" style=\"border-color:var(--wp--preset--color--accent-6);border-width:1px;border-radius:10px;padding-top:var(--wp--preset--spacing--40);padding-right:var(--wp--preset--spacing--40);padding-bottom:var(--wp--preset--spacing--40);padding-left:var(--wp--preset--spacing--40)\">\n<blockquote class=\"wp-block-quote is-style-plain has-x-large-font-size is-layout-flow wp-container-core-quote-is-layout-119bc444 wp-block-quote-is-layout-flow is-style-plain--5\" style=\"font-style:normal;font-weight:400\">\n<div class=\"wp-block-group has-global-padding is-content-justification-left is-layout-constrained wp-container-core-group-is-layout-085bd3d9 wp-block-group-is-layout-constrained\" style=\"margin-top:0;margin-bottom:0;padding-top:0;padding-right:0;padding-bottom:0;padding-left:0\">\n<p style=\"line-height:1.1\">\u201cWir waren das erste Mal dabei und ganz bestimmt nicht das letzte Mal! Tolle Atmosph\u00e4re, nette Menschen, richtig gute Bands!&#8221;<\/p>\n<\/div>\n<cite>@bienschn80<br><sub>\u00fcber Instagram, 2024<\/sub><\/cite><\/blockquote>\n<\/div>\n\n\n\n<div class=\"wp-block-column has-border-color is-layout-flow wp-block-column-is-layout-flow\" style=\"border-color:var(--wp--preset--color--accent-6);border-width:1px;border-radius:10px;padding-top:var(--wp--preset--spacing--40);padding-right:var(--wp--preset--spacing--40);padding-bottom:var(--wp--preset--spacing--40);padding-left:var(--wp--preset--spacing--40)\">\n<blockquote class=\"wp-block-quote is-style-plain has-x-large-font-size is-layout-flow wp-container-core-quote-is-layout-119bc444 wp-block-quote-is-layout-flow is-style-plain--6\" style=\"font-style:normal;font-weight:400\">\n<div class=\"wp-block-group has-global-padding is-content-justification-left is-layout-constrained wp-container-core-group-is-layout-085bd3d9 wp-block-group-is-layout-constrained\" style=\"margin-top:0;margin-bottom:0;padding-top:0;padding-right:0;padding-bottom:0;padding-left:0\">\n<p style=\"line-height:1.1\">\u201cBURG ROCK 2024 .<br>Ein Open Air Abschluss aus dem Bilderbuch!<br>Danke f\u00fcr eure Energie und das herzliche Wiedersehen&nbsp;\u201d<\/p>\n<\/div>\n<cite>@Friendsdon&#8217;tlie<br><sub>\u00fcber Instagram, 2024<\/sub><\/cite><\/blockquote>\n<\/div>\n\n\n\n<div class=\"wp-block-column has-border-color is-layout-flow wp-block-column-is-layout-flow\" style=\"border-color:var(--wp--preset--color--accent-6);border-width:1px;border-radius:10px;padding-top:var(--wp--preset--spacing--40);padding-right:var(--wp--preset--spacing--40);padding-bottom:var(--wp--preset--spacing--40);padding-left:var(--wp--preset--spacing--40)\">\n<blockquote class=\"wp-block-quote is-style-plain has-x-large-font-size is-layout-flow wp-container-core-quote-is-layout-119bc444 wp-block-quote-is-layout-flow is-style-plain--7\" style=\"font-style:normal;font-weight:400\">\n<div class=\"wp-block-group has-global-padding is-content-justification-left is-layout-constrained wp-container-core-group-is-layout-085bd3d9 wp-block-group-is-layout-constrained\" style=\"margin-top:0;margin-bottom:0;padding-top:0;padding-right:0;padding-bottom:0;padding-left:0\">\n<p style=\"line-height:1.1\">\u201cEs war super! Tolle Bands, super Team und nette Leute. Weiter so!&nbsp;Ich freu mich auf&#8217;s n\u00e4chste Jahr!.\u201d<\/p>\n<\/div>\n<cite>Jaqueline Fette <br><sub>\u00fcber Facebook,2024<\/sub><\/cite><\/blockquote>\n<\/div>\n<\/div>\n<\/div>\n\n\n\n<div class=\"wp-block-group alignfull has-global-padding is-layout-constrained wp-block-group-is-layout-constrained\" style=\"margin-top:0;margin-bottom:0\">\n<div class=\"wp-block-group alignwide is-layout-flow wp-container-core-group-is-layout-d58a0413 wp-block-group-is-layout-flow\" style=\"padding-top:var(--wp--preset--spacing--50);padding-bottom:var(--wp--preset--spacing--50)\">\n<h2 class=\"wp-block-heading has-x-large-font-size\">H\u00e4ufig gestellte Fragen<\/h2>\n\n\n\n<div class=\"wp-block-columns is-layout-flex wp-container-core-columns-is-layout-cbe57604 wp-block-columns-is-layout-flex\">\n<div class=\"wp-block-column is-layout-flow wp-block-column-is-layout-flow\">\n<div class=\"wp-block-group is-layout-flow wp-block-group-is-layout-flow\" style=\"border-top-color:var(--wp--preset--color--accent-6);border-top-width:1px;padding-top:var(--wp--preset--spacing--30);padding-bottom:var(--wp--preset--spacing--30)\">\n<h3 class=\"wp-block-heading\">Wo bekommen wir Tickets?<\/h3>\n\n\n\n<p>Nirgends. <br>Der Eintritt ist &#8211; wie bei allen KuBE Veranstaltungen &#8211; gratis.   <\/p>\n<\/div>\n<\/div>\n\n\n\n<div class=\"wp-block-column is-layout-flow wp-block-column-is-layout-flow\">\n<div class=\"wp-block-group is-layout-flow wp-block-group-is-layout-flow\" style=\"border-top-color:var(--wp--preset--color--accent-6);border-top-width:1px;padding-top:var(--wp--preset--spacing--30);padding-bottom:var(--wp--preset--spacing--30)\">\n<h3 class=\"wp-block-heading\">Ist das Mitbringen von Speisen und Getr\u00e4nken erlaubt?<\/h3>\n\n\n\n<p>Nein. <br>Wir finanzieren unsere Veranstaltung ausschlie\u00dflich \u00fcber den Verkauf von Speisen und Getr\u00e4nken &#8211; somit ist das <strong>Mitbringen von eigenen Speisen und Getr\u00e4nken nicht gestattet!<\/strong><\/p>\n<\/div>\n<\/div>\n<\/div>\n\n\n\n<div class=\"wp-block-columns is-layout-flex wp-container-core-columns-is-layout-cbe57604 wp-block-columns-is-layout-flex\">\n<div class=\"wp-block-column is-layout-flow wp-block-column-is-layout-flow\">\n<div class=\"wp-block-group is-layout-flow wp-block-group-is-layout-flow\" style=\"border-top-color:var(--wp--preset--color--accent-6);border-top-width:1px;padding-top:var(--wp--preset--spacing--30);padding-bottom:var(--wp--preset--spacing--30)\">\n<h3 class=\"wp-block-heading\">Ich will helfen. Wie kann ich dabei sein?<\/h3>\n\n\n\n<p>Wir freuen uns \u00fcber jede zuverl\u00e4ssige, helfende Hand. <br>Schreib&#8217; uns gerne eine E-Mail oder eine Nachricht via Facebook oder Instagram. <\/p>\n<\/div>\n<\/div>\n\n\n\n<div class=\"wp-block-column is-layout-flow wp-block-column-is-layout-flow\">\n<div class=\"wp-block-group is-layout-flow wp-block-group-is-layout-flow\" style=\"border-top-color:var(--wp--preset--color--accent-6);border-top-width:1px;padding-top:var(--wp--preset--spacing--30);padding-bottom:var(--wp--preset--spacing--30)\">\n<h3 class=\"wp-block-heading\">Wir wollen bei euch spielen. <br>K\u00f6nnen wir auch bei euch auftreten? <\/h3>\n\n\n\n<p>Bitte bewerbt euch im kommunizierten Bewerbungszeitraum \u00fcber Backstage Pro. Bitte seht von Initiativbewerbungen au\u00dferhalb des kommunizierten Bewerbungszeitraumes per E-Mail oder anderen Kan\u00e4len ab! Danke &lt;3<\/p>\n<\/div>\n<\/div>\n<\/div>\n\n\n\n<hr class=\"wp-block-separator has-alpha-channel-opacity\"\/>\n<\/div>\n<\/div>\n\n\n\n<div class=\"wp-block-cover alignfull is-light has-custom-content-position is-position-bottom-center\" style=\"margin-top:0;margin-bottom:0;padding-top:var(--wp--preset--spacing--50);padding-right:var(--wp--preset--spacing--50);padding-bottom:var(--wp--preset--spacing--50);padding-left:var(--wp--preset--spacing--50);min-height:495px;aspect-ratio:unset;\"><span aria-hidden=\"true\" class=\"wp-block-cover__background has-background-dim-10 has-background-dim\"><\/span><div class=\"wp-block-cover__inner-container has-global-padding is-layout-constrained wp-container-core-cover-is-layout-d89aad35 wp-block-cover-is-layout-constrained\">\n<div class=\"wp-block-group alignwide has-global-padding is-content-justification-left is-layout-constrained wp-container-core-group-is-layout-12dd3699 wp-block-group-is-layout-constrained\">\n<h2 class=\"wp-block-heading has-text-align-left has-xx-large-font-size\">Ihr wollt dabei sein? <\/h2>\n\n\n\n<p>Wir freuen uns \u00fcber euer Interesse, Teil unseres Festivals zu werden! Leider k\u00f6nnen wir <strong>f\u00fcr 2025 keine weiteren Band-Bewerbungen <\/strong>annehmen. <br><br>Bitte seht von Initiativbewerbungen f\u00fcr kommende Jahre ab!<\/p>\n\n\n\n<p><\/p>\n<\/div>\n<\/div><\/div>\n\n\n\n<div class=\"wp-block-group alignfull has-global-padding is-layout-constrained wp-container-core-group-is-layout-08655630 wp-block-group-is-layout-constrained\" style=\"margin-top:0;margin-bottom:0;padding-top:var(--wp--preset--spacing--80);padding-bottom:var(--wp--preset--spacing--80)\">\n<div class=\"wp-block-group alignwide is-layout-flow wp-block-group-is-layout-flow\">\n<p class=\"has-text-align-center is-style-text-display is-style-text-display--8\" style=\"font-style:normal;font-weight:400\">Noch Fragen?<br>Meldet euch bei uns!<\/p>\n\n\n\n<div style=\"height:30px\" aria-hidden=\"true\" class=\"wp-block-spacer\"><\/div>\n<\/div>\n<\/div>\n","protected":false},"excerpt":{"rendered":"<p>Am 5. September 2026ist es wieder soweit! Die Burg Endenich wird erneut zum Schauplatz von handgemachter Live-Musik ! Seit sechs Jahren bringen wir mit BurgRock Rockbands aus der Region auf die B\u00fchne und schaffen ein einzigartiges Festivalerlebnis \u2013 umsonst &amp; drau\u00dfen, mitten in Bonn-Endenich! Das wollen wir mit euch geb\u00fchrend feiern! Das Rockfestival in Bonn-Endenich [&hellip;]<\/p>\n","protected":false},"author":1,"featured_media":0,"parent":0,"menu_order":0,"comment_status":"closed","ping_status":"closed","template":"","meta":{"footnotes":""},"class_list":["post-20","page","type-page","status-publish","hentry"],"_links":{"self":[{"href":"https:\/\/kube-bonn.de\/index.php\/wp-json\/wp\/v2\/pages\/20","targetHints":{"allow":["GET"]}}],"collection":[{"href":"https:\/\/kube-bonn.de\/index.php\/wp-json\/wp\/v2\/pages"}],"about":[{"href":"https:\/\/kube-bonn.de\/index.php\/wp-json\/wp\/v2\/types\/page"}],"author":[{"embeddable":true,"href":"https:\/\/kube-bonn.de\/index.php\/wp-json\/wp\/v2\/users\/1"}],"replies":[{"embeddable":true,"href":"https:\/\/kube-bonn.de\/index.php\/wp-json\/wp\/v2\/comments?post=20"}],"version-history":[{"count":34,"href":"https:\/\/kube-bonn.de\/index.php\/wp-json\/wp\/v2\/pages\/20\/revisions"}],"predecessor-version":[{"id":417,"href":"https:\/\/kube-bonn.de\/index.php\/wp-json\/wp\/v2\/pages\/20\/revisions\/417"}],"wp:attachment":[{"href":"https:\/\/kube-bonn.de\/index.php\/wp-json\/wp\/v2\/media?parent=20"}],"curies":[{"name":"wp","href":"https:\/\/api.w.org\/{rel}","templated":true}]}}