{"id":186,"date":"2025-07-20T17:31:13","date_gmt":"2025-07-20T17:31:13","guid":{"rendered":"https:\/\/kube-bonn.de\/?page_id=186"},"modified":"2025-08-21T14:13:13","modified_gmt":"2025-08-21T14:13:13","slug":"bands-burgrock","status":"publish","type":"page","link":"https:\/\/kube-bonn.de\/index.php\/burgrock\/bands-burgrock\/","title":{"rendered":"Bands &#8211; BurgRock"},"content":{"rendered":"\n<div class=\"wp-block-group alignfull has-global-padding is-layout-constrained wp-block-group-is-layout-constrained\" style=\"margin-top:0;margin-bottom:0;padding-top:var(--wp--preset--spacing--50);padding-bottom:var(--wp--preset--spacing--50)\">\n<div class=\"wp-block-columns alignwide is-layout-flex wp-container-core-columns-is-layout-fa584acd wp-block-columns-is-layout-flex\">\n<div class=\"wp-block-column is-vertically-aligned-center is-layout-flow wp-block-column-is-layout-flow\">\n<h6 class=\"wp-block-heading has-text-align-center has-xx-large-font-size\">Lifespark.<\/h6>\n\n\n\n<p class=\"has-text-align-left has-medium-font-size\"><strong>Unser Headliner 2025.<\/strong><\/p>\n\n\n\n<p>Heavy Pop aus Koblenz, der mit positiven und lebensbejahenden Lyrics einen Kontrapunkt zu Sorge und Mutlosigkeit setzt. Die vier Jungs strahlen eine Freude an der Musik aus, der man sich einfach nicht entziehen kann, nicht auf Platte und erst recht nicht live. Immer am Start: Eing\u00e4ngige Hooks, die es unm\u00f6glich machen, nicht mitzusingen und brachiale Breakdowns, bei denen der Moshpit ganz von alleine aufgeht. <\/p>\n\n\n\n<p>Das Wichtigste bei jeder Show: Alle sollen auf dem Nachhauseweg ein L\u00e4cheln auf den Lippen haben.<\/p>\n\n\n\n<p>Lifespark. &#8211; in zwei Worten: Sch\u00f6ne Wut, since 2018.<\/p>\n\n\n\n<div class=\"wp-block-buttons is-layout-flex wp-block-buttons-is-layout-flex\">\n<div class=\"wp-block-button\"><a class=\"wp-block-button__link wp-element-button\" href=\"https:\/\/linktr.ee\/lifespark\">Mehr von Lifespark.<\/a><\/div>\n<\/div>\n<\/div>\n\n\n\n<div class=\"wp-block-column is-vertically-aligned-center is-layout-flow wp-block-column-is-layout-flow\">\n<figure class=\"wp-block-image size-full\"><img loading=\"lazy\" decoding=\"async\" width=\"4096\" height=\"2730\" src=\"https:\/\/kube-bonn.de\/wp-content\/uploads\/2025\/07\/Lifespark-2.jpg\" alt=\"\" class=\"wp-image-189\" style=\"aspect-ratio:1;object-fit:cover\"\/><\/figure>\n<\/div>\n<\/div>\n\n\n\n<div style=\"height:100px\" aria-hidden=\"true\" class=\"wp-block-spacer\"><\/div>\n\n\n\n<hr class=\"wp-block-separator has-alpha-channel-opacity\"\/>\n\n\n\n<div class=\"wp-block-columns alignwide is-layout-flex wp-container-core-columns-is-layout-fa584acd wp-block-columns-is-layout-flex\">\n<div class=\"wp-block-column is-vertically-aligned-center is-layout-flow wp-block-column-is-layout-flow\">\n<h6 class=\"wp-block-heading has-text-align-center has-xx-large-font-size\">Ice cream at the alligator pARK<\/h6>\n\n\n\n<p class=\"has-text-align-left has-medium-font-size\"><\/p>\n\n\n\n<p>\u201eHabt Spa\u00df und feiert mit uns!\u201c das ist die einfache Message mit riesiger Wirkung von Ice Cream At The Alligator Park. Die f\u00fcnfk\u00f6pfige Alternative Rockband aus Kerpen bei K\u00f6ln steht f\u00fcr Abwechslungsreichtum und Kreativit\u00e4t. Sowohl in ihren Songs als auch bei ihren Liveshows. In deren Musik finden alle Zuh\u00f6renden ihr Lieblingsgenre wieder &#8211; zwischen funkigen Strophen, kraftvollen Rockriffs und Metal-Breakdowns. Lasst euch mitrei\u00dfen von Konzerten voller Energie, Spa\u00df und Begeisterung.<\/p>\n\n\n\n<div class=\"wp-block-buttons is-layout-flex wp-block-buttons-is-layout-flex\">\n<div class=\"wp-block-button\"><a class=\"wp-block-button__link wp-element-button\" href=\"https:\/\/linktr.ee\/icatap\">Mehr von Ice Cream At The Alligator Park<\/a><\/div>\n<\/div>\n<\/div>\n\n\n\n<div class=\"wp-block-column is-vertically-aligned-center is-layout-flow wp-block-column-is-layout-flow\">\n<figure class=\"wp-block-image size-full\"><img loading=\"lazy\" decoding=\"async\" width=\"4564\" height=\"6358\" src=\"https:\/\/kube-bonn.de\/wp-content\/uploads\/2025\/07\/ICATAP_Bandfoto-4564x6358-1.jpg\" alt=\"\" class=\"wp-image-190\" style=\"aspect-ratio:1;object-fit:cover\"\/><\/figure>\n<\/div>\n<\/div>\n\n\n\n<div style=\"height:100px\" aria-hidden=\"true\" class=\"wp-block-spacer\"><\/div>\n\n\n\n<hr class=\"wp-block-separator has-alpha-channel-opacity\"\/>\n\n\n\n<div class=\"wp-block-columns alignwide is-layout-flex wp-container-core-columns-is-layout-fa584acd wp-block-columns-is-layout-flex\">\n<div class=\"wp-block-column is-vertically-aligned-center is-layout-flow wp-block-column-is-layout-flow\">\n<h6 class=\"wp-block-heading has-text-align-center has-xx-large-font-size\">Roskapankki<\/h6>\n\n\n\n<p class=\"has-text-align-left has-medium-font-size\"><\/p>\n\n\n\n<p>Erlaubt ist, was Spa\u00df macht. Oder Aussage hat. Am besten beides. Hauptsache, die Musik verpasst Dir einen gepflegten Kick in den Allerwertesten. Roskapankki spielt zum Tanze auf. Stillstehen verboten. Kulturell gebildet skandiert Roskapankki den Satz des alten Schiller: \u201eVon der Stirne hei\u00df rinnen muss der Schwei\u00df.\u201c Und erg\u00e4nzt: \u201eIn Deine Kehle hier, rinnen muss das Bier\u201c. Besetzung: beim letzten Durchz\u00e4hlen waren es ungef\u00e4hr 5 &#8211; 7. Genre: pfft. Nenn\u2019s wie Du willst. Skarockpunkkrachmitmelodie.<\/p>\n\n\n\n<div class=\"wp-block-buttons is-layout-flex wp-block-buttons-is-layout-flex\">\n<div class=\"wp-block-button\"><a class=\"wp-block-button__link wp-element-button\" href=\"https:\/\/linktr.ee\/roskapankki\">Mehr von Roskapankki<\/a><\/div>\n<\/div>\n<\/div>\n\n\n\n<div class=\"wp-block-column is-vertically-aligned-center is-layout-flow wp-block-column-is-layout-flow\">\n<figure class=\"wp-block-gallery has-nested-images columns-default is-cropped wp-block-gallery-1 is-layout-flex wp-block-gallery-is-layout-flex\">\n<figure class=\"wp-block-image size-large\"><img loading=\"lazy\" decoding=\"async\" width=\"1600\" height=\"1066\" data-id=\"243\" src=\"https:\/\/kube-bonn.de\/wp-content\/uploads\/2025\/07\/a6671421-f8e5-4ded-906e-cdb7666e730d.jpg\" alt=\"\" class=\"wp-image-243\"\/><\/figure>\n<\/figure>\n<\/div>\n<\/div>\n\n\n\n<div style=\"height:100px\" aria-hidden=\"true\" class=\"wp-block-spacer\"><\/div>\n\n\n\n<hr class=\"wp-block-separator has-alpha-channel-opacity\"\/>\n\n\n\n<div class=\"wp-block-columns alignwide is-layout-flex wp-container-core-columns-is-layout-fa584acd wp-block-columns-is-layout-flex\">\n<div class=\"wp-block-column is-vertically-aligned-center is-layout-flow wp-block-column-is-layout-flow\">\n<h6 class=\"wp-block-heading has-text-align-center has-xx-large-font-size\">LAUTst\u00c4rke<\/h6>\n\n\n\n<p class=\"has-text-align-left has-medium-font-size\"><\/p>\n\n\n\n<p>Punkrock und Deutschrock, sozialkritisch, vielseitig, ehrlich und direkt \u2013 von hart bis sanft, immer gradlinig und unverbl\u00fcmt. Genau diese Attribute verk\u00f6rpert die Band LAUTST\u00c4RKE, die in Euskirchen, einem malerischen Ort zwischen D\u00fcsseldorf und K\u00f6ln in Nordrhein-Westfalen, ihr musikalisches Zuhause gefunden hat. Seit ihrer Gr\u00fcndung im Jahr 2016 haben sie nicht nur die lokale Musikszene belebt, sondern auch \u00fcberregional Aufmerksamkeit erregt. <\/p>\n\n\n\n<div class=\"wp-block-buttons is-layout-flex wp-block-buttons-is-layout-flex\">\n<div class=\"wp-block-button\"><a class=\"wp-block-button__link wp-element-button\" href=\"https:\/\/fanlink.tv\/vAiZ?fbclid=PAZXh0bgNhZW0CMTEAAaebbJGFd39lp-QjNBKEtkUyeq_B-OeUZLiR-2g-kN5SWta34WipmKDHHbyzoA_aem_nEHuSSrBijNxtJlST8mHmQ\">Mehr von Lautstaerke<\/a><\/div>\n<\/div>\n<\/div>\n\n\n\n<div class=\"wp-block-column is-vertically-aligned-center is-layout-flow wp-block-column-is-layout-flow\">\n<figure class=\"wp-block-image size-full\"><img loading=\"lazy\" decoding=\"async\" width=\"1200\" height=\"800\" src=\"https:\/\/kube-bonn.de\/wp-content\/uploads\/2025\/07\/Lautstarke.jpg\" alt=\"\" class=\"wp-image-211\"\/><\/figure>\n<\/div>\n<\/div>\n\n\n\n<div style=\"height:100px\" aria-hidden=\"true\" class=\"wp-block-spacer\"><\/div>\n\n\n\n<hr class=\"wp-block-separator has-alpha-channel-opacity\"\/>\n\n\n\n<div class=\"wp-block-columns alignwide is-layout-flex wp-container-core-columns-is-layout-fa584acd wp-block-columns-is-layout-flex\">\n<div class=\"wp-block-column is-vertically-aligned-center is-layout-flow wp-block-column-is-layout-flow\">\n<h6 class=\"wp-block-heading has-text-align-center has-xx-large-font-size\">Sinister Cult<\/h6>\n\n\n\n<p class=\"has-text-align-left has-medium-font-size\"><\/p>\n\n\n\n<p>Sinister Cult wurde Ende 2023 in D\u00fcsseldorf gegr\u00fcndet und vereint vier Musiker mit unterschiedlichen musikalischen Einfl\u00fcssen und Erfahrungen.<\/p>\n\n\n\n<p>Dieser Hintergrund verleiht ihrem Sound einen unverwechselbaren Charakter, der Elemente aus Melodic Death Metal, Groove Metal und Progressive Metal zu einer stimmigen Mischung verbindet.<\/p>\n\n\n\n<p>Ob durch die schweren Riffs, die einpr\u00e4gsamen Basslinien oder den vielseitigen Gesang, sie schaffen einen reichhaltigen und abwechslungsreichen Sound, der bei jedem H\u00f6ren etwas Neues bietet.<\/p>\n\n\n\n<p><\/p>\n\n\n\n<div class=\"wp-block-buttons is-layout-flex wp-block-buttons-is-layout-flex\">\n<div class=\"wp-block-button\"><a class=\"wp-block-button__link wp-element-button\" href=\"https:\/\/ffm.bio\/sinistercult\">Mehr von Sinister Cult<\/a><\/div>\n<\/div>\n<\/div>\n\n\n\n<div class=\"wp-block-column is-vertically-aligned-center is-layout-flow wp-block-column-is-layout-flow\">\n<figure class=\"wp-block-image size-full\"><img loading=\"lazy\" decoding=\"async\" width=\"1500\" height=\"1000\" src=\"https:\/\/kube-bonn.de\/wp-content\/uploads\/2025\/07\/Sinister-Cult.jpg\" alt=\"\" class=\"wp-image-209\"\/><\/figure>\n<\/div>\n<\/div>\n\n\n\n<div class=\"wp-block-columns alignwide is-layout-flex wp-container-core-columns-is-layout-fa584acd wp-block-columns-is-layout-flex\">\n<div class=\"wp-block-column is-vertically-aligned-center is-layout-flow wp-block-column-is-layout-flow\">\n<h6 class=\"wp-block-heading has-text-align-center has-xx-large-font-size\">Hey miracle<\/h6>\n\n\n\n<p class=\"has-text-align-left has-medium-font-size\"><\/p>\n\n\n\n<p>Hey Miracle \u2013 das sind eing\u00e4ngige Songs, gro\u00dfe Emotionen und ein zeitloser Sound, der Nostalgie mit frischen Einfl\u00fcssen verbindet. Seit ihrer Gr\u00fcndung 2011 in Detmold vereint die Band die Energie der goldenen Emo-Tage (Jimmy Eat World, My Chemical Romance) mit modernen Pop- und Alternative-Vibes\u00e0 la Avril Lavigne, Paramore und Against the Current. Was dabei entsteht, ist eine Mischung aus eing\u00e4ngigen Melodien und ehrlichen Texten, die sowohl auf Platte als auch live begeistern.<\/p>\n\n\n\n<p><\/p>\n\n\n\n<div class=\"wp-block-buttons is-layout-flex wp-block-buttons-is-layout-flex\">\n<div class=\"wp-block-button\"><a class=\"wp-block-button__link wp-element-button\" href=\"https:\/\/linktr.ee\/heymiracle\">Mehr von Hey Miracle<\/a><\/div>\n<\/div>\n<\/div>\n\n\n\n<div class=\"wp-block-column is-vertically-aligned-center is-layout-flow wp-block-column-is-layout-flow\">\n<figure class=\"wp-block-image size-full\"><img loading=\"lazy\" decoding=\"async\" width=\"2640\" height=\"3386\" src=\"https:\/\/kube-bonn.de\/wp-content\/uploads\/2025\/07\/HeyMiracle_Press_Foto2.jpg\" alt=\"\" class=\"wp-image-203\"\/><\/figure>\n<\/div>\n<\/div>\n\n\n\n<div style=\"height:100px\" aria-hidden=\"true\" class=\"wp-block-spacer\"><\/div>\n\n\n\n<hr class=\"wp-block-separator has-alpha-channel-opacity\"\/>\n\n\n\n<div class=\"wp-block-columns alignwide is-layout-flex wp-container-core-columns-is-layout-fa584acd wp-block-columns-is-layout-flex\">\n<div class=\"wp-block-column is-vertically-aligned-center is-layout-flow wp-block-column-is-layout-flow\">\n<h6 class=\"wp-block-heading has-text-align-center has-xx-large-font-size\">Druckphase<\/h6>\n\n\n\n<p class=\"has-text-align-left has-medium-font-size\"><\/p>\n\n\n\n<p>Die Alternative Metal Band aus K\u00f6ln feierte 2018 ihr B\u00fchnen-Deb\u00fct. Das Trio liefert voller Energie eine Show, die ihrem Namen gerecht wird! Die deutschen Texte und harten Riffs lassen keinen Stein auf dem anderen. <\/p>\n\n\n\n<div class=\"wp-block-buttons is-layout-flex wp-block-buttons-is-layout-flex\">\n<div class=\"wp-block-button\"><a class=\"wp-block-button__link wp-element-button\" href=\"https:\/\/www.instagram.com\/druckphase\/?hl=en\">Mehr von Druckphase<\/a><\/div>\n<\/div>\n<\/div>\n\n\n\n<div class=\"wp-block-column is-vertically-aligned-center is-layout-flow wp-block-column-is-layout-flow\">\n<figure class=\"wp-block-image size-full\"><img loading=\"lazy\" decoding=\"async\" width=\"1080\" height=\"810\" src=\"https:\/\/kube-bonn.de\/wp-content\/uploads\/2025\/07\/HammerHeli.jpg\" alt=\"\" class=\"wp-image-245\"\/><\/figure>\n<\/div>\n<\/div>\n\n\n\n<div style=\"height:100px\" aria-hidden=\"true\" class=\"wp-block-spacer\"><\/div>\n\n\n\n<hr class=\"wp-block-separator has-alpha-channel-opacity\"\/>\n\n\n\n<div style=\"height:100px\" aria-hidden=\"true\" class=\"wp-block-spacer\"><\/div>\n\n\n\n<hr class=\"wp-block-separator has-alpha-channel-opacity\"\/>\n\n\n\n<div class=\"wp-block-columns alignwide is-layout-flex wp-container-core-columns-is-layout-fa584acd wp-block-columns-is-layout-flex\">\n<div class=\"wp-block-column is-vertically-aligned-center is-layout-flow wp-block-column-is-layout-flow\">\n<h6 class=\"wp-block-heading has-text-align-center has-xx-large-font-size\">Smokin parrots<\/h6>\n\n\n\n<p class=\"has-text-align-left has-medium-font-size\"><\/p>\n\n\n\n<p>Das ist feinster&nbsp; Rollercoaster- Rock aus Koblenz!<br>Die f\u00fcnfk\u00f6pfige Band sorgt mit prallgef\u00fclltem Genre-Mix aus Rock (\u2019n\u2018 Roll), Blues, Punk uvm. f\u00fcr sinnesraubende Tanzmusik. \u00dcberwiegend wird mit eigenen Songs begeistert, alles handgemacht und ohne technischen Schnick-Schnack, getreu dem Motto&nbsp;&#8220;No Birdshit&#8221;.<\/p>\n\n\n\n<div class=\"wp-block-buttons is-layout-flex wp-block-buttons-is-layout-flex\">\n<div class=\"wp-block-button\"><a class=\"wp-block-button__link wp-element-button\" href=\"https:\/\/smokin-parrots.de\/linktree\/\">Mehr von Smokin Parrots<\/a><\/div>\n<\/div>\n<\/div>\n\n\n\n<div class=\"wp-block-column is-vertically-aligned-center is-layout-flow wp-block-column-is-layout-flow\">\n<figure class=\"wp-block-image size-full\"><img loading=\"lazy\" decoding=\"async\" width=\"946\" height=\"881\" src=\"https:\/\/kube-bonn.de\/wp-content\/uploads\/2025\/07\/SMP_004-Pressefoto-1_1.jpg\" alt=\"\" class=\"wp-image-248\"\/><\/figure>\n<\/div>\n<\/div>\n\n\n\n<div style=\"height:100px\" aria-hidden=\"true\" class=\"wp-block-spacer\"><\/div>\n\n\n\n<hr class=\"wp-block-separator has-alpha-channel-opacity\"\/>\n\n\n\n<div class=\"wp-block-columns alignwide is-layout-flex wp-container-core-columns-is-layout-fa584acd wp-block-columns-is-layout-flex\">\n<div class=\"wp-block-column is-vertically-aligned-center is-layout-flow wp-block-column-is-layout-flow\">\n<h6 class=\"wp-block-heading has-text-align-center has-xx-large-font-size\">Jonah gold &amp; <br>the Koeln kobras<\/h6>\n\n\n\n<p class=\"has-text-align-left has-medium-font-size\"><\/p>\n\n\n\n<p>Vier Musiker. Zwei St\u00e4dte. Rock\u2019n\u2019Roll Exzess, aber mit Stil.<br>Formiert zwischen den Boulevards Bonns und den Hinterh\u00f6fen K\u00f6lns.<br>Harrington statt Lederjacke, Loafer statt Chucks, Schnaps statt Bier.<br>Sollte es je eine Grenze zwischen Garage Rock und Glamour gegeben haben,<br>den Kobras w\u00e4re das egal.<\/p>\n\n\n\n<p><br>Frei nach ihrem Motto:<br>\u201cVier schnieke Jungs machen Radau halt!\u201d wird jede Show ein Spektakel.<br><\/p>\n\n\n\n<div class=\"wp-block-buttons is-layout-flex wp-block-buttons-is-layout-flex\">\n<div class=\"wp-block-button\"><a class=\"wp-block-button__link wp-element-button\" href=\"https:\/\/linktr.ee\/koelnkobras\">Mehr von Jonah Gold &amp; The Koeln Kobras<\/a><\/div>\n<\/div>\n<\/div>\n\n\n\n<div class=\"wp-block-column is-vertically-aligned-center is-layout-flow wp-block-column-is-layout-flow\">\n<figure class=\"wp-block-image size-full\"><img loading=\"lazy\" decoding=\"async\" width=\"2880\" height=\"2880\" src=\"https:\/\/kube-bonn.de\/wp-content\/uploads\/2025\/07\/20250426_202546-COLLAGE.jpg\" alt=\"\" class=\"wp-image-207\"\/><\/figure>\n<\/div>\n<\/div>\n\n\n\n<div style=\"height:100px\" aria-hidden=\"true\" class=\"wp-block-spacer\"><\/div>\n\n\n\n<hr class=\"wp-block-separator has-alpha-channel-opacity\"\/>\n\n\n\n<div class=\"wp-block-columns alignwide is-layout-flex wp-container-core-columns-is-layout-fa584acd wp-block-columns-is-layout-flex\">\n<div class=\"wp-block-column is-vertically-aligned-center is-layout-flow wp-block-column-is-layout-flow\">\n<h6 class=\"wp-block-heading has-text-align-center has-xx-large-font-size\">Scheynt<\/h6>\n\n\n\n<p class=\"has-text-align-left has-medium-font-size\"><\/p>\n\n\n\n<p>F\u00fcnf Freunde aus Bonn, die sich zwischen Uni, WG-Balkon und Proberaum zusammengefunden haben, um das zu machen, was ihnen am meisten taugt: Alternative Rock. Mal laut, mal dreckig, mal melodisch \u2013 aber immer mit Druck dahinter.<\/p>\n\n\n\n<p>Beim BurgRock sind sie am Start \u2013 und haben richtig Bock drauf.  F\u00fcr sie ist das nicht einfach nur ein Gig, sondern ein Abend voller Musik, Leute und L\u00e4rm, den sie gerne mit euch teilen. <\/p>\n\n\n\n<div class=\"wp-block-buttons is-layout-flex wp-block-buttons-is-layout-flex\">\n<div class=\"wp-block-button\"><a class=\"wp-block-button__link wp-element-button\" href=\"https:\/\/www.instagram.com\/scheynt\/\">Mehr von Scheynt<\/a><\/div>\n<\/div>\n<\/div>\n\n\n\n<div class=\"wp-block-column is-vertically-aligned-center is-layout-flow wp-block-column-is-layout-flow\">\n<figure class=\"wp-block-image size-full\"><img loading=\"lazy\" decoding=\"async\" width=\"1024\" height=\"1365\" src=\"https:\/\/kube-bonn.de\/wp-content\/uploads\/2025\/07\/Scheynt-Band.jpeg\" alt=\"\" class=\"wp-image-205\"\/><\/figure>\n<\/div>\n<\/div>\n<\/div>\n\n\n\n<hr class=\"wp-block-separator has-alpha-channel-opacity\"\/>\n\n\n\n<div data-wp-interactive=\"core\/file\" class=\"wp-block-file\"><object data-wp-bind--hidden=\"!state.hasPdfPreview\" hidden class=\"wp-block-file__embed\" data=\"https:\/\/kube-bonn.de\/wp-content\/uploads\/2025\/08\/Heft_Burgrock_2025.pdf\" type=\"application\/pdf\" style=\"width:100%;height:600px\" aria-label=\"Embed of Heft_Burgrock_2025.\"><\/object><a id=\"wp-block-file--media-33f9f775-e1ce-4f03-a0d9-d9d9ebc6787b\" href=\"https:\/\/kube-bonn.de\/wp-content\/uploads\/2025\/08\/Heft_Burgrock_2025.pdf\">Heft_Burgrock_2025<\/a><a href=\"https:\/\/kube-bonn.de\/wp-content\/uploads\/2025\/08\/Heft_Burgrock_2025.pdf\" class=\"wp-block-file__button wp-element-button\" download aria-describedby=\"wp-block-file--media-33f9f775-e1ce-4f03-a0d9-d9d9ebc6787b\">Download<\/a><\/div>\n","protected":false},"excerpt":{"rendered":"<p>Lifespark. Unser Headliner 2025. Heavy Pop aus Koblenz, der mit positiven und lebensbejahenden Lyrics einen Kontrapunkt zu Sorge und Mutlosigkeit setzt. Die vier Jungs strahlen eine Freude an der Musik aus, der man sich einfach nicht entziehen kann, nicht auf Platte und erst recht nicht live. Immer am Start: Eing\u00e4ngige Hooks, die es unm\u00f6glich machen, [&hellip;]<\/p>\n","protected":false},"author":1,"featured_media":0,"parent":20,"menu_order":0,"comment_status":"closed","ping_status":"closed","template":"","meta":{"footnotes":""},"class_list":["post-186","page","type-page","status-publish","hentry"],"_links":{"self":[{"href":"https:\/\/kube-bonn.de\/index.php\/wp-json\/wp\/v2\/pages\/186","targetHints":{"allow":["GET"]}}],"collection":[{"href":"https:\/\/kube-bonn.de\/index.php\/wp-json\/wp\/v2\/pages"}],"about":[{"href":"https:\/\/kube-bonn.de\/index.php\/wp-json\/wp\/v2\/types\/page"}],"author":[{"embeddable":true,"href":"https:\/\/kube-bonn.de\/index.php\/wp-json\/wp\/v2\/users\/1"}],"replies":[{"embeddable":true,"href":"https:\/\/kube-bonn.de\/index.php\/wp-json\/wp\/v2\/comments?post=186"}],"version-history":[{"count":24,"href":"https:\/\/kube-bonn.de\/index.php\/wp-json\/wp\/v2\/pages\/186\/revisions"}],"predecessor-version":[{"id":260,"href":"https:\/\/kube-bonn.de\/index.php\/wp-json\/wp\/v2\/pages\/186\/revisions\/260"}],"up":[{"embeddable":true,"href":"https:\/\/kube-bonn.de\/index.php\/wp-json\/wp\/v2\/pages\/20"}],"wp:attachment":[{"href":"https:\/\/kube-bonn.de\/index.php\/wp-json\/wp\/v2\/media?parent=186"}],"curies":[{"name":"wp","href":"https:\/\/api.w.org\/{rel}","templated":true}]}}