{"id":17,"date":"2025-02-01T15:20:24","date_gmt":"2025-02-01T15:20:24","guid":{"rendered":"https:\/\/kube-bonn.de\/?page_id=17"},"modified":"2026-02-23T11:56:07","modified_gmt":"2026-02-23T11:56:07","slug":"burgart","status":"publish","type":"page","link":"https:\/\/kube-bonn.de\/index.php\/burgart\/","title":{"rendered":"BurgArt"},"content":{"rendered":"\n<div class=\"wp-block-cover alignfull is-light has-custom-content-position is-position-bottom-center\" style=\"margin-top:0;margin-bottom:0;padding-top:var(--wp--preset--spacing--50);padding-right:var(--wp--preset--spacing--50);padding-bottom:var(--wp--preset--spacing--50);padding-left:var(--wp--preset--spacing--50);min-height:446px;aspect-ratio:unset;\"><img loading=\"lazy\" decoding=\"async\" width=\"1366\" height=\"768\" class=\"wp-block-cover__image-background wp-image-132\" alt=\"\" src=\"https:\/\/kube-bonn.de\/wp-content\/uploads\/2025\/02\/BurgArt-Banner.png\" data-object-fit=\"cover\"\/><span aria-hidden=\"true\" class=\"wp-block-cover__background has-background-dim-10 has-background-dim\"><\/span><div class=\"wp-block-cover__inner-container has-global-padding is-layout-constrained wp-container-core-cover-is-layout-d89aad35 wp-block-cover-is-layout-constrained\">\n<div class=\"wp-block-group alignwide has-global-padding is-content-justification-left is-layout-constrained wp-container-core-group-is-layout-12dd3699 wp-block-group-is-layout-constrained\">\n<h1 class=\"wp-block-heading has-text-align-left has-xx-large-font-size\">Kunst und Kreativit\u00e4t in einzigartiger Kulisse<\/h1>\n<\/div>\n<\/div><\/div>\n\n\n\n<div class=\"wp-block-group alignfull has-global-padding is-layout-constrained wp-container-core-group-is-layout-0c9c989a wp-block-group-is-layout-constrained\" style=\"min-height:0vh;margin-top:0;margin-bottom:0;padding-top:var(--wp--preset--spacing--70);padding-right:var(--wp--preset--spacing--40);padding-bottom:var(--wp--preset--spacing--70);padding-left:var(--wp--preset--spacing--40)\">\n<div class=\"wp-block-columns is-layout-flex wp-container-core-columns-is-layout-28f84493 wp-block-columns-is-layout-flex\">\n<div class=\"wp-block-column is-layout-flow wp-block-column-is-layout-flow\"><\/div>\n\n\n\n<div class=\"wp-block-column is-layout-flow wp-block-column-is-layout-flow\"><\/div>\n<\/div>\n\n\n\n<div class=\"wp-block-columns is-layout-flex wp-container-core-columns-is-layout-28f84493 wp-block-columns-is-layout-flex\">\n<div class=\"wp-block-column is-layout-flow wp-block-column-is-layout-flow\">\n<p><\/p>\n\n\n\n<p class=\"has-text-align-center\">Am <strong>9. Mai 2026<\/strong> verwandelt sich die Burg Endenich wieder in einen lebendigen Treffpunkt f\u00fcr Kunstliebende und alle anderen!<\/p>\n<\/div>\n\n\n\n<div class=\"wp-block-column is-layout-flow wp-block-column-is-layout-flow\">\n<figure class=\"wp-block-image size-full\"><img loading=\"lazy\" decoding=\"async\" width=\"1080\" height=\"1080\" src=\"https:\/\/kube-bonn.de\/wp-content\/uploads\/2026\/01\/1.png\" alt=\"\" class=\"wp-image-293\"\/><\/figure>\n<\/div>\n<\/div>\n\n\n\n<p><strong>Merkt euch das Datum vor \u2013 wir freuen uns auf euch!<\/strong><\/p>\n<\/div>\n\n\n\n<div class=\"wp-block-group alignfull is-style-section-1 has-global-padding is-layout-constrained wp-block-group-is-layout-constrained is-style-section-1--1\" style=\"margin-top:0;margin-bottom:0;padding-top:var(--wp--preset--spacing--80);padding-bottom:var(--wp--preset--spacing--80)\">\n<div class=\"wp-block-columns alignwide is-layout-flex wp-container-core-columns-is-layout-66fad18a wp-block-columns-is-layout-flex\">\n<div class=\"wp-block-column is-layout-flow wp-block-column-is-layout-flow\" style=\"padding-right:var(--wp--preset--spacing--50);flex-basis:45%\">\n<figure class=\"wp-block-image size-full\"><img loading=\"lazy\" decoding=\"async\" width=\"867\" height=\"1156\" src=\"https:\/\/kube-bonn.de\/wp-content\/uploads\/2026\/01\/WhatsApp-Image-2026-01-05-at-22.12.55-5.jpeg\" alt=\"\" class=\"wp-image-314\"\/><\/figure>\n\n\n\n<div class=\"wp-block-group has-global-padding is-layout-constrained wp-block-group-is-layout-constrained\" style=\"margin-top:-12vw\">\n<figure class=\"wp-block-image alignright size-full is-resized\" style=\"margin-right:-5vw;margin-left:-5vw\"><img loading=\"lazy\" decoding=\"async\" width=\"1600\" height=\"1200\" src=\"https:\/\/kube-bonn.de\/wp-content\/uploads\/2026\/01\/WhatsApp-Image-2026-01-05-at-22.12.55-1-2.jpeg\" alt=\"\" class=\"wp-image-311\" style=\"width:399px;height:auto\"\/><\/figure>\n<\/div>\n<\/div>\n\n\n\n<div class=\"wp-block-column is-vertically-aligned-center is-layout-flow wp-block-column-is-layout-flow\" style=\"padding-right:0;padding-left:0;flex-basis:50%\">\n<div class=\"wp-block-group is-vertical is-layout-flex wp-container-core-group-is-layout-fe9cc265 wp-block-group-is-layout-flex\">\n<h1 class=\"wp-block-heading\">\u00dcber die BurgArt<\/h1>\n\n\n\n<p>Die BurgArt bringt K\u00fcnstler*innen aus der Region zusammen und bietet die perfekte Gelegenheit, einzigartige Werke zu entdecken \u2013 und das alles in der besonderen Kulisse der historischen Burg Endenich.<\/p>\n\n\n\n<p>Ob Gem\u00e4lde, Drucke oder Kunsthandwerk \u2013 auf dem Kunstmarkt gibt es eine gro\u00dfe Vielfalt an Kunstwerken zu Preisen von <strong>maximal 150 \u20ac<\/strong>.<\/p>\n<\/div>\n<\/div>\n<\/div>\n<\/div>\n\n\n\n<div class=\"wp-block-group alignfull has-global-padding is-layout-constrained wp-container-core-group-is-layout-ebee8dc1 wp-block-group-is-layout-constrained\" style=\"margin-top:0;margin-bottom:0;padding-top:var(--wp--preset--spacing--50);padding-bottom:var(--wp--preset--spacing--50)\">\n<h2 class=\"wp-block-heading alignwide\">Was ist BurgArt?<\/h2>\n\n\n\n<div class=\"wp-block-columns alignwide is-layout-flex wp-container-core-columns-is-layout-28f84493 wp-block-columns-is-layout-flex\">\n<div class=\"wp-block-column is-layout-flow wp-block-column-is-layout-flow\">\n<figure class=\"wp-block-image size-full\" style=\"margin-bottom:24px\"><img loading=\"lazy\" decoding=\"async\" width=\"1200\" height=\"1600\" src=\"https:\/\/kube-bonn.de\/wp-content\/uploads\/2026\/01\/WhatsApp-Image-2026-01-05-at-22.12.55.jpeg\" alt=\"\" class=\"wp-image-306\" style=\"aspect-ratio:4\/3;object-fit:cover\"\/><\/figure>\n\n\n\n<h3 class=\"wp-block-heading\"><strong>Kunst trifft auf Burgflair<strong> <\/strong><\/strong><\/h3>\n\n\n\n<p class=\"has-medium-font-size\">Kunstmarkt im historischen Ambiente der Burg Endenich.<\/p>\n<\/div>\n\n\n\n<div class=\"wp-block-column is-layout-flow wp-block-column-is-layout-flow\">\n<figure class=\"wp-block-image size-full\" style=\"margin-bottom:24px\"><img loading=\"lazy\" decoding=\"async\" width=\"1600\" height=\"1200\" src=\"https:\/\/kube-bonn.de\/wp-content\/uploads\/2026\/01\/WhatsApp-Image-2026-01-05-at-22.12.55-3.jpeg\" alt=\"\" class=\"wp-image-307\" style=\"aspect-ratio:4\/3;object-fit:cover\"\/><\/figure>\n\n\n\n<h3 class=\"wp-block-heading\"><strong>Ein <strong>Fest f\u00fcr Kunst und Kreativit\u00e4t<\/strong><\/strong><\/h3>\n\n\n\n<p class=\"has-medium-font-size\">K\u00fcnstler*innen aus der Region erhalten eine Plattform und macht Kunst f\u00fcr alle zug\u00e4nglich.<\/p>\n<\/div>\n\n\n\n<div class=\"wp-block-column is-layout-flow wp-block-column-is-layout-flow\">\n<figure class=\"wp-block-image size-full\" style=\"margin-bottom:24px\"><img loading=\"lazy\" decoding=\"async\" width=\"1600\" height=\"1200\" src=\"https:\/\/kube-bonn.de\/wp-content\/uploads\/2026\/01\/WhatsApp-Image-2026-01-05-at-22.12.55-2.jpeg\" alt=\"\" class=\"wp-image-308\" style=\"aspect-ratio:4\/3;object-fit:cover\"\/><\/figure>\n\n\n\n<h3 class=\"wp-block-heading\"><strong>Ein Ort der Begegnung<\/strong> <\/h3>\n\n\n\n<p class=\"has-medium-font-size\">F\u00fcr Kunstschaffende, Kunstliebhaber*innen und alle, die einen besonderen Tag in kreativer Atmosph\u00e4re erleben m\u00f6chten.<\/p>\n<\/div>\n<\/div>\n<\/div>\n\n\n\n<div class=\"wp-block-group alignfull has-global-padding is-layout-constrained wp-block-group-is-layout-constrained\" style=\"margin-top:0;margin-bottom:0;padding-top:var(--wp--preset--spacing--60);padding-bottom:var(--wp--preset--spacing--60)\">\n<div class=\"wp-block-columns alignwide is-layout-flex wp-container-core-columns-is-layout-74b2cda3 wp-block-columns-is-layout-flex\">\n<div class=\"wp-block-column is-layout-flow wp-block-column-is-layout-flow\">\n<div class=\"wp-block-group is-vertical is-content-justification-left is-layout-flex wp-container-core-group-is-layout-7ce391b6 wp-block-group-is-layout-flex\" style=\"min-height:100%\">\n<div class=\"wp-block-group has-global-padding is-content-justification-left is-layout-constrained wp-container-core-group-is-layout-085bd3d9 wp-block-group-is-layout-constrained\" style=\"margin-top:0;margin-bottom:0;padding-top:0;padding-right:0;padding-bottom:0;padding-left:0\">\n<p class=\"has-xx-large-font-size\">Neues Kuratorium<\/p>\n<\/div>\n\n\n\n<p>Mit frischem Elan geht die BurgArt 2025 in eine neue \u00c4ra:<\/p>\n\n\n\n<p><strong>Lisa &amp; Oliver Bille<\/strong> \u00fcbernehmen das Kuratorium und bringen neue Impulse in die Organisation des Kunstmarktes.<br><br>Lisa und Oliver sind seit Jahren in der Kunstszene aktiv und setzen sich leidenschaftlich daf\u00fcr ein, regionale K\u00fcnstler*innen zu unterst\u00fctzen und Kunst f\u00fcr alle zug\u00e4nglich zu machen. Gemeinsam mit dem Team werden sie BurgArt weiterentwickeln und zu einem besonderen Erlebnis machen.<br><br>Wir freuen uns auf viele Kunstmomente unter ihrer Leitung!<\/p>\n<\/div>\n<\/div>\n\n\n\n<div class=\"wp-block-column is-vertically-aligned-center is-layout-flow wp-block-column-is-layout-flow\" style=\"padding-top:0;padding-right:0;padding-bottom:0;padding-left:0\">\n<figure class=\"wp-block-image aligncenter size-full is-resized\"><img loading=\"lazy\" decoding=\"async\" width=\"1290\" height=\"990\" src=\"https:\/\/kube-bonn.de\/wp-content\/uploads\/2025\/02\/Lisa-und-Olli-Bille.jpg\" alt=\"\" class=\"wp-image-140\" style=\"width:414px;height:auto\"\/><figcaption class=\"wp-element-caption\">Oliver und Lisa Bille<\/figcaption><\/figure>\n<\/div>\n<\/div>\n<\/div>\n\n\n\n<aside class=\"wp-block-group alignfull is-style-section-3 has-global-padding is-layout-constrained wp-container-core-group-is-layout-f0f2a97b wp-block-group-is-layout-constrained is-style-section-3--2\" style=\"margin-top:0;margin-bottom:0;padding-top:var(--wp--preset--spacing--50);padding-right:var(--wp--preset--spacing--50);padding-bottom:var(--wp--preset--spacing--50);padding-left:var(--wp--preset--spacing--50)\">\n<p>Kontakt f\u00fcr K\u00fcnstler: <a href=\"mailto:burgart@kube-bonn.de\">burgart@kube-bonn.de<\/a><\/p>\n<\/aside>\n\n\n\n<p><\/p>\n","protected":false},"excerpt":{"rendered":"<p>Am 9. Mai 2026 verwandelt sich die Burg Endenich wieder in einen lebendigen Treffpunkt f\u00fcr Kunstliebende und alle anderen! Merkt euch das Datum vor \u2013 wir freuen uns auf euch! \u00dcber die BurgArt Die BurgArt bringt K\u00fcnstler*innen aus der Region zusammen und bietet die perfekte Gelegenheit, einzigartige Werke zu entdecken \u2013 und das alles in [&hellip;]<\/p>\n","protected":false},"author":1,"featured_media":0,"parent":0,"menu_order":0,"comment_status":"closed","ping_status":"closed","template":"","meta":{"footnotes":""},"class_list":["post-17","page","type-page","status-publish","hentry"],"_links":{"self":[{"href":"https:\/\/kube-bonn.de\/index.php\/wp-json\/wp\/v2\/pages\/17","targetHints":{"allow":["GET"]}}],"collection":[{"href":"https:\/\/kube-bonn.de\/index.php\/wp-json\/wp\/v2\/pages"}],"about":[{"href":"https:\/\/kube-bonn.de\/index.php\/wp-json\/wp\/v2\/types\/page"}],"author":[{"embeddable":true,"href":"https:\/\/kube-bonn.de\/index.php\/wp-json\/wp\/v2\/users\/1"}],"replies":[{"embeddable":true,"href":"https:\/\/kube-bonn.de\/index.php\/wp-json\/wp\/v2\/comments?post=17"}],"version-history":[{"count":28,"href":"https:\/\/kube-bonn.de\/index.php\/wp-json\/wp\/v2\/pages\/17\/revisions"}],"predecessor-version":[{"id":420,"href":"https:\/\/kube-bonn.de\/index.php\/wp-json\/wp\/v2\/pages\/17\/revisions\/420"}],"wp:attachment":[{"href":"https:\/\/kube-bonn.de\/index.php\/wp-json\/wp\/v2\/media?parent=17"}],"curies":[{"name":"wp","href":"https:\/\/api.w.org\/{rel}","templated":true}]}}